{"id":5,"date":"2021-08-18T22:00:30","date_gmt":"2021-08-18T19:00:30","guid":{"rendered":"https:\/\/sea-architects.com\/tr\/?page_id=5"},"modified":"2021-09-04T14:06:10","modified_gmt":"2021-09-04T11:06:10","slug":"sea-mimarlik","status":"publish","type":"page","link":"https:\/\/sea-architects.com\/tr\/sea-mimarlik\/","title":{"rendered":"SEA"},"content":{"rendered":"\n<p>SEA Mimarl\u0131k Firmas\u0131n\u0131n kurucusu Selin (Ezano\u011flu) Demir, Mimar Sinan G\u00fczel Sanatlar \u00dcniversitesi Mimarl\u0131k B\u00f6l\u00fcm\u00fcnden 2007 y\u0131l\u0131nda mezun olmu\u015ftur. Y\u00fcksek Lisans s\u00fcrecinde \u0130stanbul Teknik \u00dcniversitesi Fen Bilimleri Enstit\u00fcs\u00fc\u2019nde Kentsel Tasar\u0131m e\u011fitimi alm\u0131\u015ft\u0131r. 2005 y\u0131l\u0131ndan bug\u00fcne dek \u00e7e\u015fitli \u00f6l\u00e7ek ve fonksiyonda projelerde farkl\u0131 mimarl\u0131k ofislerinde \u00f6nemli g\u00f6revler \u00fcstlenmi\u015ftir. 2007 \u2013 2014 y\u0131llar\u0131 aras\u0131nda \u00e7al\u0131\u015ft\u0131\u011f\u0131 B-Design firmas\u0131 b\u00fcnyesinde 50\u2019den fazla projede g\u00f6rev alm\u0131\u015ft\u0131r. Bunlardan baz\u0131lar\u0131;<br>-Double Tree by HILTON Oldtown Beyaz\u0131t\/\u0130stanbul &#8211; Mimari &amp; \u0130\u00e7 mimari Proje, Tasar\u0131m &amp; Uygulama ve \u015eantiye Kontrol\u00f6rl\u00fc\u011f\u00fc &amp; Proje Koordinasyonu. (2007-2011)<br>-\u00d6zye\u011fin \u00dcniversitesi Kamp\u00fcs Yerle\u015fkesi\/\u0130stanbul \u2013 Kentsel Tasar\u0131m Dan\u0131\u015fmanl\u0131\u011f\u0131, \u0130\u00e7 mimari Proje, Tasar\u0131m &amp; Uygulama ve \u015eantiye Kontrol\u00f6rl\u00fc\u011f\u00fc &amp; Proje Koordinasyonu. (2011-2013)<br>&#8211; Arrass Business Hotel Al Qassim\/Suudi Arabistan &#8211; Mimari &amp; \u0130\u00e7 mimari Proje, Tasar\u0131m &amp; Uygulama ve Proje Koordinasyonu. (2011-2014)<\/p>\n\n\n\n<p>Bireysel olarak mimari ve tasar\u0131m \u00e7al\u0131\u015fmalar\u0131n\u0131 y\u00fcr\u00fctt\u00fc\u011f\u00fc SEA Mimarl\u0131k firmas\u0131n\u0131 2011 y\u0131l\u0131nda kurmu\u015f olup Ocak 2014 tarihinde Sea Mimarl\u0131k ofisini a\u00e7m\u0131\u015ft\u0131r. Uluslararas\u0131 ve yerel baz\u0131 mimari ve tasar\u0131m yar\u0131\u015fmalar\u0131nda yer alm\u0131\u015f, d\u00fcnyadaki mimari geli\u015fmeleri \u00e7e\u015fitli fuar, sempozyum ve kongrelere kat\u0131larak yak\u0131ndan takip etmi\u015ftir. Bunlardan baz\u0131lar\u0131;<br>2012-2014 Milano, Uluslararas\u0131 Tasar\u0131m Fuar\u0131 \/ ITALYA<br>2008 Barselona Mimarl\u0131k Festivali \/ \u0130SPANYA<br>2005 UIA, Uluslararas\u0131 Mimarlar Birli\u011fi kongresi \/ \u0130STANBUL<\/p>\n\n\n\n<p><\/p>\n\n\n\n<p>TASARIM FELSEFES\u0130:<\/p>\n\n\n\n<p>SEA Mimarl\u0131k firmas\u0131 olarak hedefimiz; mekansal i\u015flevselli\u011fi \u00f6n planda tutan, minimal tasar\u0131m anlay\u0131\u015f\u0131 ile gereksiz \u00f6\u011felerden ka\u00e7\u0131nan, sadelik ve yal\u0131nl\u0131\u011f\u0131n huzurunu yakalayan, estetik alg\u0131y\u0131 ve insan \u00f6l\u00e7e\u011fini kaybetmeyen, kullan\u0131c\u0131 ihtiya\u00e7lar\u0131n\u0131 inceleyerek tasarlanm\u0131\u015f ve onunla ileti\u015fim kurabilen mekanlar yaratmakt\u0131r.<\/p>\n\n\n\n<p>B\u00fct\u00fcnden detaya kadar her \u00f6l\u00e7ekte&nbsp;ayn\u0131 \u00f6zenle \u00e7\u00f6z\u00fcmler \u00f6neren, yenilik\u00e7i, \u00e7a\u011fda\u015f ve teknolojiyi takip eden esnek bir vizyon ile kullan\u0131c\u0131n\u0131n kimlik ve ruhunu mekansal boyutta somutla\u015ft\u0131ran \u00f6zg\u00fcn projeler \u00fcretmekteyiz.<\/p>\n\n\n\n<div class=\"wp-block-cover aligncenter\" style=\"min-height:824px\"><img class=\"wp-block-cover__image-background wp-image-15\" alt=\"\" src=\"http:\/\/sea-architects.com\/tr\/wp-content\/uploads\/sites\/2\/2021\/08\/kapi.jpg\" style=\"object-position:50% 42%\" data-object-fit=\"cover\" data-object-position=\"50% 42%\"\/><div class=\"wp-block-cover__inner-container\">\n<p class=\"has-large-font-size\"><\/p>\n<\/div><\/div>\n","protected":false},"excerpt":{"rendered":"<p>SEA Mimarl\u0131k Firmas\u0131n\u0131n kurucusu Selin (Ezano\u011flu) Demir, Mimar Sinan G\u00fczel Sanatlar \u00dcniversitesi Mimarl\u0131k B\u00f6l\u00fcm\u00fcnden 2007 y\u0131l\u0131nda mezun olmu\u015ftur. Y\u00fcksek Lisans s\u00fcrecinde \u0130stanbul Teknik \u00dcniversitesi Fen Bilimleri Enstit\u00fcs\u00fc\u2019nde Kentsel Tasar\u0131m e\u011fitimi alm\u0131\u015ft\u0131r. 2005 y\u0131l\u0131ndan bug\u00fcne dek \u00e7e\u015fitli \u00f6l\u00e7ek ve fonksiyonda projelerde farkl\u0131 mimarl\u0131k ofislerinde \u00f6nemli g\u00f6revler \u00fcstlenmi\u015ftir. 2007 \u2013 2014 y\u0131llar\u0131 aras\u0131nda \u00e7al\u0131\u015ft\u0131\u011f\u0131 B-Design firmas\u0131 b\u00fcnyesinde [&hellip;]<\/p>\n","protected":false},"author":1,"featured_media":0,"parent":0,"menu_order":0,"comment_status":"closed","ping_status":"closed","template":"","meta":[],"_links":{"self":[{"href":"https:\/\/sea-architects.com\/tr\/wp-json\/wp\/v2\/pages\/5"}],"collection":[{"href":"https:\/\/sea-architects.com\/tr\/wp-json\/wp\/v2\/pages"}],"about":[{"href":"https:\/\/sea-architects.com\/tr\/wp-json\/wp\/v2\/types\/page"}],"author":[{"embeddable":true,"href":"https:\/\/sea-architects.com\/tr\/wp-json\/wp\/v2\/users\/1"}],"replies":[{"embeddable":true,"href":"https:\/\/sea-architects.com\/tr\/wp-json\/wp\/v2\/comments?post=5"}],"version-history":[{"count":11,"href":"https:\/\/sea-architects.com\/tr\/wp-json\/wp\/v2\/pages\/5\/revisions"}],"predecessor-version":[{"id":981,"href":"https:\/\/sea-architects.com\/tr\/wp-json\/wp\/v2\/pages\/5\/revisions\/981"}],"wp:attachment":[{"href":"https:\/\/sea-architects.com\/tr\/wp-json\/wp\/v2\/media?parent=5"}],"curies":[{"name":"wp","href":"https:\/\/api.w.org\/{rel}","templated":true}]}}